{"id":53,"date":"2024-01-31T19:06:22","date_gmt":"2024-01-31T19:06:22","guid":{"rendered":"https:\/\/azpax.com\/?page_id=53"},"modified":"2025-09-01T08:29:11","modified_gmt":"2025-09-01T07:29:11","slug":"masterclasses","status":"publish","type":"page","link":"https:\/\/dagmararodak.com\/index.php\/masterclasses\/","title":{"rendered":"Szkolenie indywidualne"},"content":{"rendered":"\n<div class=\"wp-block-group is-layout-flow wp-container-core-group-layout-2 wp-block-group-is-layout-flow\" style=\"margin-top:0;margin-bottom:0;padding-top:0;padding-right:0;padding-bottom:0;padding-left:0\">\n<div class=\"wp-block-group is-content-justification-center is-layout-constrained wp-container-core-group-layout-1 wp-block-group-is-layout-constrained\" style=\"margin-top:0px;margin-bottom:0px;padding-top:0px;padding-bottom:64px\">\n<div class=\"wp-block-columns is-layout-flex wp-container-core-columns-layout-1 wp-block-columns-is-layout-flex\">\n<div class=\"wp-block-column is-layout-flow wp-block-column-is-layout-flow\">\n<figure class=\"wp-block-image size-full\"><img loading=\"lazy\" decoding=\"async\" width=\"1633\" height=\"2448\" src=\"https:\/\/dagmararodak.com\/wp-content\/uploads\/2024\/02\/IMG_9648.jpg\" alt=\"\" class=\"wp-image-487\" srcset=\"https:\/\/dagmararodak.com\/wp-content\/uploads\/2024\/02\/IMG_9648.jpg 1633w, https:\/\/dagmararodak.com\/wp-content\/uploads\/2024\/02\/IMG_9648-200x300.jpg 200w, https:\/\/dagmararodak.com\/wp-content\/uploads\/2024\/02\/IMG_9648-683x1024.jpg 683w, https:\/\/dagmararodak.com\/wp-content\/uploads\/2024\/02\/IMG_9648-768x1151.jpg 768w, https:\/\/dagmararodak.com\/wp-content\/uploads\/2024\/02\/IMG_9648-1025x1536.jpg 1025w, https:\/\/dagmararodak.com\/wp-content\/uploads\/2024\/02\/IMG_9648-1366x2048.jpg 1366w\" sizes=\"(max-width: 1633px) 100vw, 1633px\" \/><\/figure>\n<\/div>\n\n\n\n<div class=\"wp-block-column is-vertically-aligned-top justify-text has-normal-font-size is-layout-flow wp-block-column-is-layout-flow\">\n<h2 class=\"wp-block-heading\">Szkolenie indywidualne<\/h2>\n\n\n\n<p>Je\u015bli chcia\u0142aby\u015b wreszcie wykona\u0107 sobie makija\u017c, w kt\u00f3rym z dum\u0105 wybierzesz si\u0119 na imprez\u0119 b\u0105d\u017a chcia\u0142aby\u015b doszlifowa\u0107 swoje umiej\u0119tno\u015bci, zapraszam Ci\u0119 na indywidualne szkolenie, kt\u00f3re podniesie Twoje kompetencje.&nbsp;<\/p>\n\n\n\n<p class=\"has-medium-font-size\"><strong>PLAN SZKOLENIA&nbsp;<\/strong><\/p>\n\n\n\n<p><strong>&#8211; indywidualne podej\u015bcie, 6h nauki makija\u017cu na w\u0142asne potrzeby skupiaj\u0105c si\u0119 wy\u0142\u0105cznie na jednej kursantce&nbsp;<\/strong><\/p>\n\n\n\n<p><strong>&#8211; analiza piel\u0119gnacji&nbsp;klientki, jej kosmetyk\u00f3w oraz podstawy higieny podczas wykonywania makija\u017cu&nbsp;<\/strong><\/p>\n\n\n\n<p><strong>&#8211; dob\u00f3r poprawnej piel\u0119gnacji pod potrzeby konkretnej klientki i przedstawienie podstaw kosmetologii (piel\u0119gnacja dzienna i wieczorowa)<\/strong><\/p>\n\n\n\n<p><strong>&#8211; nauka przygotowania cery pod makija\u017c<\/strong><\/p>\n\n\n\n<p><strong>&#8211; przerwa na posi\u0142ek (zapewniam catering, prosz\u0119 o wcze\u015bniejsz\u0105 informacje odno\u015bnie nietolerancji pokarmowych&nbsp;itd)&nbsp;<\/strong><\/p>\n\n\n\n<p><strong>&#8211; nauka roz\u015bwietlania cery i dekoltu (glow&nbsp;makeup, kt\u00f3ry b\u0119dzie nasz\u0105 podstaw\u0105 do makija\u017cu dziennego)<\/strong><\/p>\n\n\n\n<p><strong>&#8211; nauka poprawnego aplikowania podk\u0142adu aby zwi\u0119kszy\u0107 trwa\u0142o\u015b\u0107 makija\u017cu oraz poprawne okre\u015blenie ton\u00f3w naszej sk\u00f3ry<\/strong><\/p>\n\n\n\n<p><strong>&#8211; nauka poprawnego konturowania twarzy na mokro (roz\u015bwietlenie, r\u00f3\u017c, korektor, bronzer)<\/strong><\/p>\n\n\n\n<p><strong>&#8211; nauka utrwalania makija\u017cu oraz poprawnego aplikowania pudru (metoda delikatnego utrwalania makija\u017cu)<\/strong><\/p>\n\n\n\n<p><strong>&#8211; konturowanie twarzy produktami suchymi aby wzmocni\u0107 efekt makija\u017cu<\/strong><\/p>\n\n\n\n<p><strong>&#8211; technika subtelnego malowania brwi<\/strong><\/p>\n\n\n\n<p><strong>&#8211; nauka wykonywania perfekcyjnej kreski oraz u\u017cycia cieni&nbsp;nude&nbsp;aby poprawnie uwydatni\u0107 nasz\u0105 powiek\u0119 (technika dobrana do rodzaju powieki)<\/strong><\/p>\n\n\n\n<p><strong>&#8211; nauka optycznego zag\u0119szczania linii rz\u0119s oraz aplikowania tuszu<\/strong><\/p>\n\n\n\n<p><strong>&#8211; technika poprawnego obrysowywania ust kontur\u00f3wk\u0105 (efekt pe\u0142niejszych ust) &nbsp;<\/strong><\/p>\n\n\n\n<p><strong>&#8211; nauka szybkiego \u201epodrasowania\u201d makija\u017cu dziennego, w celu uzyskania makija\u017c wieczorowego (w tym nauka aplikowania k\u0119pek rz\u0119s)<\/strong><\/p>\n\n\n\n<p>Koszt szkolenia indywidualnego na w\u0142asne potrzeby \u2013 <strong>1600z\u0142 (<\/strong>5h)<\/p>\n\n\n\n<div class=\"wp-block-buttons is-layout-flex wp-block-buttons-is-layout-flex\">\n<div class=\"wp-block-button is-style-outline\" id=\"email\"><a class=\"wp-block-button__link wp-element-button\" href=\"mailto:rodakdagmara@gmail.com\" style=\"border-radius:2px\" target=\"_blank\" rel=\"noreferrer noopener\">Napisz maila<\/a><\/div>\n\n\n\n<div class=\"wp-block-button is-style-outline\" id=\"instagram\"><a class=\"wp-block-button__link wp-element-button\" href=\"https:\/\/www.instagram.com\/dagmararodak\" style=\"border-radius:2px\" target=\"_blank\" rel=\"noreferrer noopener\">Instagram<\/a><\/div>\n<\/div>\n<\/div>\n<\/div>\n<\/div>\n<\/div>\n","protected":false},"excerpt":{"rendered":"<p>Szkolenie indywidualne Je\u015bli chcia\u0142aby\u015b wreszcie wykona\u0107 sobie makija\u017c, w kt\u00f3rym z dum\u0105 wybierzesz si\u0119 na imprez\u0119 b\u0105d\u017a chcia\u0142aby\u015b doszlifowa\u0107 swoje umiej\u0119tno\u015bci, zapraszam Ci\u0119 na indywidualne szkolenie, kt\u00f3re podniesie Twoje kompetencje.&nbsp; PLAN SZKOLENIA&nbsp; &#8211; indywidualne podej\u015bcie, 6h nauki makija\u017cu na w\u0142asne potrzeby skupiaj\u0105c si\u0119 wy\u0142\u0105cznie na jednej kursantce&nbsp; &#8211; analiza piel\u0119gnacji&nbsp;klientki, jej kosmetyk\u00f3w oraz podstawy higieny [&hellip;]<\/p>\n","protected":false},"author":1,"featured_media":0,"parent":0,"menu_order":0,"comment_status":"closed","ping_status":"closed","template":"","meta":{"footnotes":""},"_links":{"self":[{"href":"https:\/\/dagmararodak.com\/index.php\/wp-json\/wp\/v2\/pages\/53"}],"collection":[{"href":"https:\/\/dagmararodak.com\/index.php\/wp-json\/wp\/v2\/pages"}],"about":[{"href":"https:\/\/dagmararodak.com\/index.php\/wp-json\/wp\/v2\/types\/page"}],"author":[{"embeddable":true,"href":"https:\/\/dagmararodak.com\/index.php\/wp-json\/wp\/v2\/users\/1"}],"replies":[{"embeddable":true,"href":"https:\/\/dagmararodak.com\/index.php\/wp-json\/wp\/v2\/comments?post=53"}],"version-history":[{"count":23,"href":"https:\/\/dagmararodak.com\/index.php\/wp-json\/wp\/v2\/pages\/53\/revisions"}],"predecessor-version":[{"id":583,"href":"https:\/\/dagmararodak.com\/index.php\/wp-json\/wp\/v2\/pages\/53\/revisions\/583"}],"wp:attachment":[{"href":"https:\/\/dagmararodak.com\/index.php\/wp-json\/wp\/v2\/media?parent=53"}],"curies":[{"name":"wp","href":"https:\/\/api.w.org\/{rel}","templated":true}]}}