{"id":414,"date":"2024-02-02T16:44:15","date_gmt":"2024-02-02T16:44:15","guid":{"rendered":"https:\/\/azpax.com\/?page_id=414"},"modified":"2025-09-14T14:33:38","modified_gmt":"2025-09-14T13:33:38","slug":"wedding","status":"publish","type":"page","link":"https:\/\/dagmararodak.com\/index.php\/wedding\/","title":{"rendered":"Pakiet \u015blubny"},"content":{"rendered":"\n<div class=\"wp-block-group is-layout-flow wp-container-core-group-layout-4 wp-block-group-is-layout-flow\" style=\"margin-top:0;margin-bottom:0;padding-top:0;padding-right:0;padding-bottom:0;padding-left:0\">\n<div class=\"wp-block-group is-content-justification-center is-layout-constrained wp-container-core-group-layout-3 wp-block-group-is-layout-constrained\" style=\"margin-top:0px;margin-bottom:0px;padding-top:0px;padding-bottom:64px\">\n<div class=\"wp-block-group alignwide is-layout-flow wp-container-core-group-layout-1 wp-block-group-is-layout-flow\">\n<div class=\"wp-block-columns is-layout-flex wp-container-core-columns-layout-1 wp-block-columns-is-layout-flex\" style=\"margin-top:0rem;margin-bottom:0rem\">\n<div class=\"wp-block-column justify-text is-layout-flow wp-block-column-is-layout-flow\" style=\"padding-right:var(--wp--preset--spacing--40);padding-left:var(--wp--preset--spacing--40)\">\n<h1 class=\"wp-block-heading\" style=\"font-size:38px\">Pakiet \u015blubny &#8211; 2026r.<\/h1>\n\n\n\n<p class=\"justify-text\">Ch\u0119tnie b\u0119d\u0119 z Tob\u0105 w tym wyj\u0105tkowym dniu. Podczas takiej uroczysto\u015bci jak\u0105 jest \u015blub, nie ma miejsca na b\u0142\u0119dy i pomy\u0142ki.                                                                     Z rado\u015bci\u0105 do\u0142o\u017c\u0119 cegie\u0142k\u0119 do tego aby\u015b w tym dniu czu\u0142a si\u0119 wyj\u0105tkowa. Pakiety \u015blubne wykonuj\u0119 na terenie ca\u0142ej Polski.<\/p>\n\n\n\n<p class=\"justify-text\">Poni\u017cej przedstawiam Ci moj\u0105 ofert\u0119 pakietu \u015blubnego.<br>(W sezonie \u015blubnym nie wykonuj\u0119 pojedynczych makija\u017cy \u015blubnych).<\/p>\n\n\n\n<p class=\"justify-text\">Pakiet \u015blubny zawiera:<\/p>\n\n\n\n<p><strong>&#8211; Makija\u017c pr\u00f3bny Panny m\u0142odej, kt\u00f3ry wykonywany jest odpowiednio wcze\u015bniej w Warszawie (2h)<\/strong><\/p>\n\n\n\n<p><strong>&#8211; Makija\u017c \u015blubny Panny m\u0142odej w dniu \u015blubu (1,5h)<\/strong><\/p>\n\n\n\n<p><strong>&#8211; Makija\u017c 3 wybranych go\u015bci (ka\u017cda dodatkowa osoba +450z\u0142)<\/strong><\/p>\n\n\n\n<p><strong>&#8211; Korekta Pana m\u0142odego<\/strong><\/p>\n\n\n\n<p><strong>&#8211; Dojazd na terenie Warszawy w cenie pakietu. Dla lokalizacji poza Warszaw\u0105 obowi\u0105zuje op\u0142ata 2,50 z\u0142 za kilometr, liczona w obie strony \u2013 oznacza to, \u017ce kwota obejmuje zar\u00f3wno dojazd do miejsca, jak i powr\u00f3t. Je\u015bli przygotowania odbywaj\u0105 si\u0119 powy\u017cej 100km od Warszawy wymagane jest zapewnienie noclegu&nbsp;<\/strong><\/p>\n\n\n\n<p><strong>&#8211; Osoba decyduj\u0105ca si\u0119 na pakiet \u015blubny jest zobowi\u0105zana do podpisania umowy oraz wp\u0142acenia zadatku (1000z\u0142) do 24h po rezerwacji terminu. W przypadku nie op\u0142acenia zadatku termin pozostaje wolny.<\/strong><\/p>\n\n\n\n<p>Decyduj\u0105c si\u0119 na pakiet \u015blubny mo\u017cesz liczy\u0107 na indywidualne podej\u015bcie oraz moj\u0105 obecno\u015b\u0107 podczas przygotowa\u0144 \u015blubnych.&nbsp;Koszt pakietu \u015blubnego to <strong>3500z\u0142<\/strong> + koszt dojazdu <strong>poza terenem Warszawy.<\/strong><\/p>\n\n\n\n<p><strong><font style=\"vertical-align: inherit;\" dir=\"auto\"><font style=\"vertical-align: inherit;\" dir=\"auto\">OFERTA SPECJALNA WE WSP\u00d3\u0141PRACY Z FRYZJERK\u0104<\/font><\/font><\/strong><font style=\"vertical-align: inherit;\" dir=\"auto\"><font style=\"vertical-align: inherit;\" dir=\"auto\"> ( <\/font><\/font><a href=\"https:\/\/www.instagram.com\/mia.burchyshyn?igsh=MWdsZzB3b2k2ZDM3cA%3D%3D\"><font style=\"vertical-align: inherit;\" dir=\"auto\"><font style=\"vertical-align: inherit;\" dir=\"auto\">link do instagramu<\/font><\/font><\/a><font style=\"vertical-align: inherit;\" dir=\"auto\"><font style=\"vertical-align: inherit;\" dir=\"auto\"> ) -5600z\u0142 + dojazd poza terenem Warszawy<\/font><\/font><\/p>\n\n\n\n<p><strong>-Pr\u00f3bny makija\u017c oraz fryzura na terenie Warszawy (pr\u00f3bny makija\u017c jak i fryzura odbywa si\u0119 bez os\u00f3b towarzysz\u0105cych) <\/strong><br><strong><br>-Makija\u017c oraz fryzura Panny m\u0142odej w dniu \u015blubu<\/strong><br><strong><br>-Makija\u017ce oraz fryzury dla 3 go\u015bci<\/strong><br><strong><br>-Korekta Pana m\u0142odego<\/strong><\/p>\n\n\n\n<p><strong>&#8211; Dojazd na terenie Warszawy w cenie pakietu. Dla lokalizacji poza Warszaw\u0105 obowi\u0105zuje op\u0142ata 2,50 z\u0142 za kilometr, liczona w obie strony \u2013 oznacza to, \u017ce kwota obejmuje zar\u00f3wno dojazd do miejsca, jak i powr\u00f3t. Je\u015bli przygotowania odbywaj\u0105 si\u0119 powy\u017cej 100km od Warszawy wymagane jest zapewnienie noclegu<\/strong><\/p>\n\n\n\n<div class=\"wp-block-buttons is-content-justification-left is-layout-flex wp-container-core-buttons-layout-1 wp-block-buttons-is-layout-flex\">\n<div class=\"wp-block-button is-style-outline\" id=\"email\"><a class=\"wp-block-button__link has-text-align-left wp-element-button\" href=\"mailto:rodakdagmara@gmail.com\" style=\"border-radius:2px\" target=\"_blank\" rel=\"noreferrer noopener\">Napisz maila<\/a><\/div>\n<\/div>\n<\/div>\n\n\n\n<div class=\"wp-block-column is-layout-flow wp-block-column-is-layout-flow\"><\/div>\n<\/div>\n<\/div>\n\n\n\n<div class=\"wp-block-group alignwide is-layout-flow wp-container-core-group-layout-2 wp-block-group-is-layout-flow\"><\/div>\n\n\n\n<figure class=\"wp-block-gallery has-nested-images columns-default is-cropped wp-block-gallery-1 is-layout-flex wp-block-gallery-is-layout-flex\">\n<figure data-wp-context=\"{ &quot;core&quot;:\n\t\t\t\t{ &quot;image&quot;:\n\t\t\t\t\t{   &quot;imageLoaded&quot;: false,\n\t\t\t\t\t\t&quot;initialized&quot;: false,\n\t\t\t\t\t\t&quot;lightboxEnabled&quot;: false,\n\t\t\t\t\t\t&quot;hideAnimationEnabled&quot;: false,\n\t\t\t\t\t\t&quot;preloadInitialized&quot;: false,\n\t\t\t\t\t\t&quot;lightboxAnimation&quot;: &quot;zoom&quot;,\n\t\t\t\t\t\t&quot;imageUploadedSrc&quot;: &quot;https:\/\/dagmararodak.com\/wp-content\/uploads\/2024\/01\/IMG_9594-scaled.jpg&quot;,\n\t\t\t\t\t\t&quot;imageCurrentSrc&quot;: &quot;&quot;,\n\t\t\t\t\t\t&quot;targetWidth&quot;: &quot;1707&quot;,\n\t\t\t\t\t\t&quot;targetHeight&quot;: &quot;2560&quot;,\n\t\t\t\t\t\t&quot;scaleAttr&quot;: &quot;&quot;,\n\t\t\t\t\t\t&quot;dialogLabel&quot;: &quot;Enlarged image&quot;\n\t\t\t\t\t}\n\t\t\t\t}\n\t\t\t}\" data-wp-interactive class=\"wp-block-image size-full wp-lightbox-container\"><img loading=\"lazy\" decoding=\"async\" width=\"1707\" height=\"2560\" data-wp-effect--setStylesOnResize=\"effects.core.image.setStylesOnResize\" data-wp-effect=\"effects.core.image.setButtonStyles\" data-wp-init=\"effects.core.image.initOriginImage\" data-wp-on--click=\"actions.core.image.showLightbox\" data-wp-on--load=\"actions.core.image.handleLoad\" src=\"https:\/\/dagmararodak.com\/wp-content\/uploads\/2024\/01\/IMG_9594-scaled.jpg\" alt=\"\" class=\"wp-image-172\" srcset=\"https:\/\/dagmararodak.com\/wp-content\/uploads\/2024\/01\/IMG_9594-scaled.jpg 1707w, https:\/\/dagmararodak.com\/wp-content\/uploads\/2024\/01\/IMG_9594-200x300.jpg 200w, https:\/\/dagmararodak.com\/wp-content\/uploads\/2024\/01\/IMG_9594-683x1024.jpg 683w, https:\/\/dagmararodak.com\/wp-content\/uploads\/2024\/01\/IMG_9594-768x1152.jpg 768w, https:\/\/dagmararodak.com\/wp-content\/uploads\/2024\/01\/IMG_9594-1024x1536.jpg 1024w, https:\/\/dagmararodak.com\/wp-content\/uploads\/2024\/01\/IMG_9594-1365x2048.jpg 1365w\" sizes=\"(max-width: 1707px) 100vw, 1707px\" \/><button\n\t\t\tclass=\"lightbox-trigger\"\n\t\t\ttype=\"button\"\n\t\t\taria-haspopup=\"dialog\"\n\t\t\taria-label=\"Enlarge image\"\n\t\t\tdata-wp-on--click=\"actions.core.image.showLightbox\"\n\t\t\tdata-wp-style--right=\"context.core.image.imageButtonRight\"\n\t\t\tdata-wp-style--top=\"context.core.image.imageButtonTop\"\n\t\t>\n\t\t\t<svg xmlns=\"http:\/\/www.w3.org\/2000\/svg\" width=\"12\" height=\"12\" fill=\"none\" viewBox=\"0 0 12 12\">\n\t\t\t\t<path fill=\"#fff\" d=\"M2 0a2 2 0 0 0-2 2v2h1.5V2a.5.5 0 0 1 .5-.5h2V0H2Zm2 10.5H2a.5.5 0 0 1-.5-.5V8H0v2a2 2 0 0 0 2 2h2v-1.5ZM8 12v-1.5h2a.5.5 0 0 0 .5-.5V8H12v2a2 2 0 0 1-2 2H8Zm2-12a2 2 0 0 1 2 2v2h-1.5V2a.5.5 0 0 0-.5-.5H8V0h2Z\" \/>\n\t\t\t<\/svg>\n\t\t<\/button>        <div data-wp-body=\"\" class=\"wp-lightbox-overlay zoom\"\n            data-wp-bind--role=\"selectors.core.image.roleAttribute\"\n            data-wp-bind--aria-label=\"selectors.core.image.dialogLabel\"\n            data-wp-class--initialized=\"context.core.image.initialized\"\n            data-wp-class--active=\"context.core.image.lightboxEnabled\"\n            data-wp-class--hideAnimationEnabled=\"context.core.image.hideAnimationEnabled\"\n            data-wp-bind--aria-modal=\"selectors.core.image.ariaModal\"\n            data-wp-effect=\"effects.core.image.initLightbox\"\n            data-wp-on--keydown=\"actions.core.image.handleKeydown\"\n            data-wp-on--touchstart=\"actions.core.image.handleTouchStart\"\n            data-wp-on--touchmove=\"actions.core.image.handleTouchMove\"\n            data-wp-on--touchend=\"actions.core.image.handleTouchEnd\"\n            data-wp-on--click=\"actions.core.image.hideLightbox\"\n            tabindex=\"-1\"\n            >\n                <button type=\"button\" aria-label=\"Close\" style=\"fill: #3b3b3b\" class=\"close-button\" data-wp-on--click=\"actions.core.image.hideLightbox\">\n                    <svg xmlns=\"http:\/\/www.w3.org\/2000\/svg\" viewBox=\"0 0 24 24\" width=\"20\" height=\"20\" aria-hidden=\"true\" focusable=\"false\"><path d=\"M13 11.8l6.1-6.3-1-1-6.1 6.2-6.1-6.2-1 1 6.1 6.3-6.5 6.7 1 1 6.5-6.6 6.5 6.6 1-1z\"><\/path><\/svg>\n                <\/button>\n                <div class=\"lightbox-image-container\">\n<figure class=\"wp-block-image size-full responsive-image\"><img decoding=\"async\" data-wp-bind--src=\"context.core.image.imageCurrentSrc\" data-wp-style--object-fit=\"selectors.core.image.lightboxObjectFit\" src=\"\" alt=\"\" class=\"wp-image-172\"\/><\/figure>\n<\/div>\n                <div class=\"lightbox-image-container\">\n<figure class=\"wp-block-image size-full enlarged-image\"><img decoding=\"async\" data-wp-bind--src=\"selectors.core.image.enlargedImgSrc\" data-wp-style--object-fit=\"selectors.core.image.lightboxObjectFit\" src=\"\" alt=\"\" class=\"wp-image-172\"\/><\/figure>\n<\/div>\n                <div class=\"scrim\" style=\"background-color: var(--wp--preset--color--ti-fg)\" aria-hidden=\"true\"><\/div>\n        <\/div><\/figure>\n\n\n\n<figure data-wp-context=\"{ &quot;core&quot;:\n\t\t\t\t{ &quot;image&quot;:\n\t\t\t\t\t{   &quot;imageLoaded&quot;: false,\n\t\t\t\t\t\t&quot;initialized&quot;: false,\n\t\t\t\t\t\t&quot;lightboxEnabled&quot;: false,\n\t\t\t\t\t\t&quot;hideAnimationEnabled&quot;: false,\n\t\t\t\t\t\t&quot;preloadInitialized&quot;: false,\n\t\t\t\t\t\t&quot;lightboxAnimation&quot;: &quot;zoom&quot;,\n\t\t\t\t\t\t&quot;imageUploadedSrc&quot;: &quot;https:\/\/dagmararodak.com\/wp-content\/uploads\/2024\/01\/IMG_9593-scaled.jpg&quot;,\n\t\t\t\t\t\t&quot;imageCurrentSrc&quot;: &quot;&quot;,\n\t\t\t\t\t\t&quot;targetWidth&quot;: &quot;1707&quot;,\n\t\t\t\t\t\t&quot;targetHeight&quot;: &quot;2560&quot;,\n\t\t\t\t\t\t&quot;scaleAttr&quot;: &quot;&quot;,\n\t\t\t\t\t\t&quot;dialogLabel&quot;: &quot;Enlarged image&quot;\n\t\t\t\t\t}\n\t\t\t\t}\n\t\t\t}\" data-wp-interactive class=\"wp-block-image size-full wp-lightbox-container\"><img loading=\"lazy\" decoding=\"async\" width=\"1707\" height=\"2560\" data-wp-effect--setStylesOnResize=\"effects.core.image.setStylesOnResize\" data-wp-effect=\"effects.core.image.setButtonStyles\" data-wp-init=\"effects.core.image.initOriginImage\" data-wp-on--click=\"actions.core.image.showLightbox\" data-wp-on--load=\"actions.core.image.handleLoad\" src=\"https:\/\/dagmararodak.com\/wp-content\/uploads\/2024\/01\/IMG_9593-scaled.jpg\" alt=\"\" class=\"wp-image-174\" srcset=\"https:\/\/dagmararodak.com\/wp-content\/uploads\/2024\/01\/IMG_9593-scaled.jpg 1707w, https:\/\/dagmararodak.com\/wp-content\/uploads\/2024\/01\/IMG_9593-200x300.jpg 200w, https:\/\/dagmararodak.com\/wp-content\/uploads\/2024\/01\/IMG_9593-683x1024.jpg 683w, https:\/\/dagmararodak.com\/wp-content\/uploads\/2024\/01\/IMG_9593-768x1152.jpg 768w, https:\/\/dagmararodak.com\/wp-content\/uploads\/2024\/01\/IMG_9593-1024x1536.jpg 1024w, https:\/\/dagmararodak.com\/wp-content\/uploads\/2024\/01\/IMG_9593-1365x2048.jpg 1365w\" sizes=\"(max-width: 1707px) 100vw, 1707px\" \/><button\n\t\t\tclass=\"lightbox-trigger\"\n\t\t\ttype=\"button\"\n\t\t\taria-haspopup=\"dialog\"\n\t\t\taria-label=\"Enlarge image\"\n\t\t\tdata-wp-on--click=\"actions.core.image.showLightbox\"\n\t\t\tdata-wp-style--right=\"context.core.image.imageButtonRight\"\n\t\t\tdata-wp-style--top=\"context.core.image.imageButtonTop\"\n\t\t>\n\t\t\t<svg xmlns=\"http:\/\/www.w3.org\/2000\/svg\" width=\"12\" height=\"12\" fill=\"none\" viewBox=\"0 0 12 12\">\n\t\t\t\t<path fill=\"#fff\" d=\"M2 0a2 2 0 0 0-2 2v2h1.5V2a.5.5 0 0 1 .5-.5h2V0H2Zm2 10.5H2a.5.5 0 0 1-.5-.5V8H0v2a2 2 0 0 0 2 2h2v-1.5ZM8 12v-1.5h2a.5.5 0 0 0 .5-.5V8H12v2a2 2 0 0 1-2 2H8Zm2-12a2 2 0 0 1 2 2v2h-1.5V2a.5.5 0 0 0-.5-.5H8V0h2Z\" \/>\n\t\t\t<\/svg>\n\t\t<\/button>        <div data-wp-body=\"\" class=\"wp-lightbox-overlay zoom\"\n            data-wp-bind--role=\"selectors.core.image.roleAttribute\"\n            data-wp-bind--aria-label=\"selectors.core.image.dialogLabel\"\n            data-wp-class--initialized=\"context.core.image.initialized\"\n            data-wp-class--active=\"context.core.image.lightboxEnabled\"\n            data-wp-class--hideAnimationEnabled=\"context.core.image.hideAnimationEnabled\"\n            data-wp-bind--aria-modal=\"selectors.core.image.ariaModal\"\n            data-wp-effect=\"effects.core.image.initLightbox\"\n            data-wp-on--keydown=\"actions.core.image.handleKeydown\"\n            data-wp-on--touchstart=\"actions.core.image.handleTouchStart\"\n            data-wp-on--touchmove=\"actions.core.image.handleTouchMove\"\n            data-wp-on--touchend=\"actions.core.image.handleTouchEnd\"\n            data-wp-on--click=\"actions.core.image.hideLightbox\"\n            tabindex=\"-1\"\n            >\n                <button type=\"button\" aria-label=\"Close\" style=\"fill: #3b3b3b\" class=\"close-button\" data-wp-on--click=\"actions.core.image.hideLightbox\">\n                    <svg xmlns=\"http:\/\/www.w3.org\/2000\/svg\" viewBox=\"0 0 24 24\" width=\"20\" height=\"20\" aria-hidden=\"true\" focusable=\"false\"><path d=\"M13 11.8l6.1-6.3-1-1-6.1 6.2-6.1-6.2-1 1 6.1 6.3-6.5 6.7 1 1 6.5-6.6 6.5 6.6 1-1z\"><\/path><\/svg>\n                <\/button>\n                <div class=\"lightbox-image-container\">\n<figure class=\"wp-block-image size-full responsive-image\"><img decoding=\"async\" data-wp-bind--src=\"context.core.image.imageCurrentSrc\" data-wp-style--object-fit=\"selectors.core.image.lightboxObjectFit\" src=\"\" alt=\"\" class=\"wp-image-174\"\/><\/figure>\n<\/div>\n                <div class=\"lightbox-image-container\">\n<figure class=\"wp-block-image size-full enlarged-image\"><img decoding=\"async\" data-wp-bind--src=\"selectors.core.image.enlargedImgSrc\" data-wp-style--object-fit=\"selectors.core.image.lightboxObjectFit\" src=\"\" alt=\"\" class=\"wp-image-174\"\/><\/figure>\n<\/div>\n                <div class=\"scrim\" style=\"background-color: var(--wp--preset--color--ti-fg)\" aria-hidden=\"true\"><\/div>\n        <\/div><\/figure>\n<\/figure>\n\n\n\n<figure class=\"wp-block-gallery has-nested-images columns-default is-cropped wp-block-gallery-2 is-layout-flex wp-block-gallery-is-layout-flex\">\n<figure data-wp-context=\"{ &quot;core&quot;:\n\t\t\t\t{ &quot;image&quot;:\n\t\t\t\t\t{   &quot;imageLoaded&quot;: false,\n\t\t\t\t\t\t&quot;initialized&quot;: false,\n\t\t\t\t\t\t&quot;lightboxEnabled&quot;: false,\n\t\t\t\t\t\t&quot;hideAnimationEnabled&quot;: false,\n\t\t\t\t\t\t&quot;preloadInitialized&quot;: false,\n\t\t\t\t\t\t&quot;lightboxAnimation&quot;: &quot;zoom&quot;,\n\t\t\t\t\t\t&quot;imageUploadedSrc&quot;: &quot;https:\/\/dagmararodak.com\/wp-content\/uploads\/2024\/02\/IMG_9592-scaled.jpeg&quot;,\n\t\t\t\t\t\t&quot;imageCurrentSrc&quot;: &quot;&quot;,\n\t\t\t\t\t\t&quot;targetWidth&quot;: &quot;2560&quot;,\n\t\t\t\t\t\t&quot;targetHeight&quot;: &quot;1707&quot;,\n\t\t\t\t\t\t&quot;scaleAttr&quot;: &quot;&quot;,\n\t\t\t\t\t\t&quot;dialogLabel&quot;: &quot;Enlarged image&quot;\n\t\t\t\t\t}\n\t\t\t\t}\n\t\t\t}\" data-wp-interactive class=\"wp-block-image size-full wp-lightbox-container\"><img loading=\"lazy\" decoding=\"async\" width=\"2560\" height=\"1707\" data-wp-effect--setStylesOnResize=\"effects.core.image.setStylesOnResize\" data-wp-effect=\"effects.core.image.setButtonStyles\" data-wp-init=\"effects.core.image.initOriginImage\" data-wp-on--click=\"actions.core.image.showLightbox\" data-wp-on--load=\"actions.core.image.handleLoad\" src=\"https:\/\/dagmararodak.com\/wp-content\/uploads\/2024\/02\/IMG_9592-scaled.jpeg\" alt=\"\" class=\"wp-image-298\" srcset=\"https:\/\/dagmararodak.com\/wp-content\/uploads\/2024\/02\/IMG_9592-scaled.jpeg 2560w, https:\/\/dagmararodak.com\/wp-content\/uploads\/2024\/02\/IMG_9592-300x200.jpeg 300w, https:\/\/dagmararodak.com\/wp-content\/uploads\/2024\/02\/IMG_9592-1024x683.jpeg 1024w, https:\/\/dagmararodak.com\/wp-content\/uploads\/2024\/02\/IMG_9592-768x512.jpeg 768w, https:\/\/dagmararodak.com\/wp-content\/uploads\/2024\/02\/IMG_9592-1536x1024.jpeg 1536w, https:\/\/dagmararodak.com\/wp-content\/uploads\/2024\/02\/IMG_9592-2048x1365.jpeg 2048w\" sizes=\"(max-width: 2560px) 100vw, 2560px\" \/><button\n\t\t\tclass=\"lightbox-trigger\"\n\t\t\ttype=\"button\"\n\t\t\taria-haspopup=\"dialog\"\n\t\t\taria-label=\"Enlarge image\"\n\t\t\tdata-wp-on--click=\"actions.core.image.showLightbox\"\n\t\t\tdata-wp-style--right=\"context.core.image.imageButtonRight\"\n\t\t\tdata-wp-style--top=\"context.core.image.imageButtonTop\"\n\t\t>\n\t\t\t<svg xmlns=\"http:\/\/www.w3.org\/2000\/svg\" width=\"12\" height=\"12\" fill=\"none\" viewBox=\"0 0 12 12\">\n\t\t\t\t<path fill=\"#fff\" d=\"M2 0a2 2 0 0 0-2 2v2h1.5V2a.5.5 0 0 1 .5-.5h2V0H2Zm2 10.5H2a.5.5 0 0 1-.5-.5V8H0v2a2 2 0 0 0 2 2h2v-1.5ZM8 12v-1.5h2a.5.5 0 0 0 .5-.5V8H12v2a2 2 0 0 1-2 2H8Zm2-12a2 2 0 0 1 2 2v2h-1.5V2a.5.5 0 0 0-.5-.5H8V0h2Z\" \/>\n\t\t\t<\/svg>\n\t\t<\/button>        <div data-wp-body=\"\" class=\"wp-lightbox-overlay zoom\"\n            data-wp-bind--role=\"selectors.core.image.roleAttribute\"\n            data-wp-bind--aria-label=\"selectors.core.image.dialogLabel\"\n            data-wp-class--initialized=\"context.core.image.initialized\"\n            data-wp-class--active=\"context.core.image.lightboxEnabled\"\n            data-wp-class--hideAnimationEnabled=\"context.core.image.hideAnimationEnabled\"\n            data-wp-bind--aria-modal=\"selectors.core.image.ariaModal\"\n            data-wp-effect=\"effects.core.image.initLightbox\"\n            data-wp-on--keydown=\"actions.core.image.handleKeydown\"\n            data-wp-on--touchstart=\"actions.core.image.handleTouchStart\"\n            data-wp-on--touchmove=\"actions.core.image.handleTouchMove\"\n            data-wp-on--touchend=\"actions.core.image.handleTouchEnd\"\n            data-wp-on--click=\"actions.core.image.hideLightbox\"\n            tabindex=\"-1\"\n            >\n                <button type=\"button\" aria-label=\"Close\" style=\"fill: #3b3b3b\" class=\"close-button\" data-wp-on--click=\"actions.core.image.hideLightbox\">\n                    <svg xmlns=\"http:\/\/www.w3.org\/2000\/svg\" viewBox=\"0 0 24 24\" width=\"20\" height=\"20\" aria-hidden=\"true\" focusable=\"false\"><path d=\"M13 11.8l6.1-6.3-1-1-6.1 6.2-6.1-6.2-1 1 6.1 6.3-6.5 6.7 1 1 6.5-6.6 6.5 6.6 1-1z\"><\/path><\/svg>\n                <\/button>\n                <div class=\"lightbox-image-container\">\n<figure class=\"wp-block-image size-full responsive-image\"><img decoding=\"async\" data-wp-bind--src=\"context.core.image.imageCurrentSrc\" data-wp-style--object-fit=\"selectors.core.image.lightboxObjectFit\" src=\"\" alt=\"\" class=\"wp-image-298\"\/><\/figure>\n<\/div>\n                <div class=\"lightbox-image-container\">\n<figure class=\"wp-block-image size-full enlarged-image\"><img decoding=\"async\" data-wp-bind--src=\"selectors.core.image.enlargedImgSrc\" data-wp-style--object-fit=\"selectors.core.image.lightboxObjectFit\" src=\"\" alt=\"\" class=\"wp-image-298\"\/><\/figure>\n<\/div>\n                <div class=\"scrim\" style=\"background-color: var(--wp--preset--color--ti-fg)\" aria-hidden=\"true\"><\/div>\n        <\/div><\/figure>\n<\/figure>\n<\/div>\n<\/div>\n","protected":false},"excerpt":{"rendered":"<p>Pakiet \u015blubny &#8211; 2026r. Ch\u0119tnie b\u0119d\u0119 z Tob\u0105 w tym wyj\u0105tkowym dniu. Podczas takiej uroczysto\u015bci jak\u0105 jest \u015blub, nie ma miejsca na b\u0142\u0119dy i pomy\u0142ki. Z rado\u015bci\u0105 do\u0142o\u017c\u0119 cegie\u0142k\u0119 do tego aby\u015b w tym dniu czu\u0142a si\u0119 wyj\u0105tkowa. Pakiety \u015blubne wykonuj\u0119 na terenie ca\u0142ej Polski. Poni\u017cej przedstawiam Ci moj\u0105 ofert\u0119 pakietu \u015blubnego.(W sezonie \u015blubnym nie [&hellip;]<\/p>\n","protected":false},"author":1,"featured_media":0,"parent":0,"menu_order":0,"comment_status":"closed","ping_status":"closed","template":"","meta":{"footnotes":""},"_links":{"self":[{"href":"https:\/\/dagmararodak.com\/index.php\/wp-json\/wp\/v2\/pages\/414"}],"collection":[{"href":"https:\/\/dagmararodak.com\/index.php\/wp-json\/wp\/v2\/pages"}],"about":[{"href":"https:\/\/dagmararodak.com\/index.php\/wp-json\/wp\/v2\/types\/page"}],"author":[{"embeddable":true,"href":"https:\/\/dagmararodak.com\/index.php\/wp-json\/wp\/v2\/users\/1"}],"replies":[{"embeddable":true,"href":"https:\/\/dagmararodak.com\/index.php\/wp-json\/wp\/v2\/comments?post=414"}],"version-history":[{"count":18,"href":"https:\/\/dagmararodak.com\/index.php\/wp-json\/wp\/v2\/pages\/414\/revisions"}],"predecessor-version":[{"id":589,"href":"https:\/\/dagmararodak.com\/index.php\/wp-json\/wp\/v2\/pages\/414\/revisions\/589"}],"wp:attachment":[{"href":"https:\/\/dagmararodak.com\/index.php\/wp-json\/wp\/v2\/media?parent=414"}],"curies":[{"name":"wp","href":"https:\/\/api.w.org\/{rel}","templated":true}]}}